{"id":2650,"date":"2019-02-05T23:46:39","date_gmt":"2019-02-05T23:46:39","guid":{"rendered":"http:\/\/legorretahernandez.org\/en\/historia-copy\/"},"modified":"2020-02-26T16:20:32","modified_gmt":"2020-02-26T16:20:32","slug":"andrea-hernandez-velasco","status":"publish","type":"page","link":"http:\/\/legorretahernandez.org\/en\/andrea-hernandez-velasco\/","title":{"rendered":"Andrea Hern\u00e1ndez Velasco"},"content":{"rendered":"<p>[vc_row full_width=\u00bbstretch_row\u00bb css=\u00bb.vc_custom_1545328381705{padding-top: 0px !important;padding-bottom: 0px !important;background-color: #b3b7bf !important;background-position: center !important;background-repeat: no-repeat !important;background-size: cover !important;}\u00bb][vc_column][vc_custom_heading text=\u00bbMessage from our Presidents\u00bb font_container=\u00bbtag:h2|font_size:29px|text_align:left|color:%23ffffff\u00bb css=\u00bb.vc_custom_1551976396073{padding-top: 16px !important;padding-bottom: 60px !important;}\u00bb][\/vc_column][\/vc_row][vc_row equal_height=\u00bbyes\u00bb][vc_column width=\u00bb1\/2&#8243;][vc_custom_heading text=\u00bbAndrea Hern\u00e1ndez Velasco\u00bb font_container=\u00bbtag:h2|font_size:29px|text_align:left|line_height:35px\u00bb css_animation=\u00bbfadeInDown\u00bb el_class=\u00bbbottom-line\u00bb css=\u00bb.vc_custom_1549411403314{margin-bottom: 20px !important;}\u00bb][vc_column_text css_animation=\u00bbfadeInDown\u00bb]<\/p>\n<p align=\"justify\">Founder and President of Fundaci\u00f3n Legorreta Hern\u00e1ndez, A.C., an organization that focuses on the development of Mexican children and youth through a comprehensive strategy that includes citizenship, education, social enterprise, conscious knowledge and health.<\/p>\n<p align=\"justify\">Due to her special interest in healthcare, Andrea is a member of the Board of Trustees of Instituto Nacional de Ciencias M\u00e9dicas y Nutrici\u00f3n Salvador Zubir\u00e1n, of the Board of Trustees of Hospital Infantil de M\u00e9xico Federico G\u00f3mez, I.A.P., of the Board of Trustees of Fundaci\u00f3n Telet\u00f3n, A.C., of the Board of Trustees of Instituto Nacional de Enfermedades Respiratorias Ismael Cos\u00edo Villegas, and of the Board of Trustees of Instituto Nacional de Cardiolog\u00eda Ignacio Ch\u00e1vez. She is Vice-president of the Governing Board of Fundaci\u00f3n Mexicana para la Salud.<\/p>\n<p align=\"justify\">Andrea is a member of the Board of Trustees of Desarrollo de la Comunidad, A.C., an initiative created more than twenty years ago whose main mission is to promote human, individual and community development in marginalized areas in Mexico City.<\/p>\n<p align=\"justify\">Furthermore, she is a member of the Board of Fundaci\u00f3n Pedro y Elena Hern\u00e1ndez, A.C., an institution created for the conservation of Mexico\u2019s natural heritage.<\/p>\n<p align=\"justify\">She serves as the Chairman of the Board of Directors of ProAgro, S.A. de C.V. She is a member of the Advisory Board of Grupo Financiero Banamex, S.A., and is Planning Advisor to Grupo Paralelo 19, S.A. de C.V.<\/p>\n<p align=\"justify\">Andrea holds a Degree in International Relations from Universidad Iberoamericana.<\/p>\n<p>[\/vc_column_text][\/vc_column][vc_column width=\u00bb1\/2&#8243;][vc_single_image image=\u00bb3704&#8243; img_size=\u00bbmedium\u00bb][vc_column_text]<\/p>\n<h3><strong>Our Presidents<\/strong><\/h3>\n<p>[\/vc_column_text][vc_row_inner][vc_column_inner width=\u00bb1\/2&#8243;][vc_single_image image=\u00bb2695&#8243; img_size=\u00bblarge\u00bb onclick=\u00bbcustom_link\u00bb link=\u00bbhttp:\/\/legorretahernandez.org\/en\/alejandro-legorreta\/\u00bb][vc_column_text]<\/p>\n<h4 style=\"text-align: center;\"><a href=\"http:\/\/legorretahernandez.org\/en\/alejandro-legorreta\/\">Alejandro Legorreta<\/a><\/h4>\n<p style=\"text-align: center;\"><span style=\"font-size: small;\">Blog: <a href=\"http:\/\/www.alejandrolegorreta.com\" target=\"_blank\" rel=\"noopener noreferrer\"><span style=\"color: #618eb5;\"><u>alejandrolegorreta.com<\/u><\/span><\/a><\/span><\/p>\n<p>[\/vc_column_text][\/vc_column_inner][vc_column_inner width=\u00bb1\/2&#8243;][\/vc_column_inner][\/vc_row_inner][\/vc_column][\/vc_row][vc_row][vc_column][vc_empty_space height=\u00bb30px\u00bb][\/vc_column][\/vc_row]<\/p>","protected":false},"excerpt":{"rendered":"<p>[vc_row full_width=\u00bbstretch_row\u00bb css=\u00bb.vc_custom_1545328381705{padding-top: 0px !important;padding-bottom: 0px !important;background-color: #b3b7bf !important;background-position: center !important;background-repeat: no-repeat !important;background-size: cover !important;}\u00bb][vc_column][vc_custom_heading text=\u00bbMessage from our Presidents\u00bb font_container=\u00bbtag:h2|font_size:29px|text_align:left|color:%23ffffff\u00bb css=\u00bb.vc_custom_1551976396073{padding-top: 16px !important;padding-bottom: 60px !important;}\u00bb][\/vc_column][\/vc_row][vc_row equal_height=\u00bbyes\u00bb][vc_column width=\u00bb1\/2&#8243;][vc_custom_heading text=\u00bbAndrea Hern\u00e1ndez Velasco\u00bb font_container=\u00bbtag:h2|font_size:29px|text_align:left|line_height:35px\u00bb css_animation=\u00bbfadeInDown\u00bb el_class=\u00bbbottom-line\u00bb css=\u00bb.vc_custom_1549411403314{margin-bottom: 20px !important;}\u00bb][vc_column_text css_animation=\u00bbfadeInDown\u00bb] Founder and President of Fundaci\u00f3n Legorreta Hern\u00e1ndez, A.C., an organization that focuses on the development of Mexican children and youth through a comprehensive strategy that includes citizenship, education, social enterprise, conscious knowledge and health. Due to her special interest in healthcare, Andrea is a member of the Board of Trustees of Instituto Nacional de Ciencias M\u00e9dicas y Nutrici\u00f3n Salvador Zubir\u00e1n, of the Board of Trustees of Hospital Infantil de M\u00e9xico Federico G\u00f3mez, I.A.P., of the Board of Trustees of Fundaci\u00f3n Telet\u00f3n, A.C., of the Board of Trustees of Instituto Nacional de Enfermedades Respiratorias Ismael Cos\u00edo Villegas, and of the Board of Trustees of Instituto Nacional de Cardiolog\u00eda Ignacio Ch\u00e1vez. She is Vice-president of the Governing Board of Fundaci\u00f3n Mexicana para la Salud. Andrea is a member of the Board of Trustees of Desarrollo de la Comunidad, A.C., an initiative created more than twenty years ago whose main mission is to promote human, individual and community development in marginalized areas in Mexico City. Furthermore, she is a member of the Board of Fundaci\u00f3n Pedro y Elena Hern\u00e1ndez, A.C., an institution created for the conservation of Mexico\u2019s natural heritage. She serves as the Chairman of the Board of Directors of ProAgro, S.A. de C.V. She is a member of the Advisory Board of Grupo Financiero Banamex, S.A., and is Planning Advisor to Grupo Paralelo 19, S.A. de C.V. Andrea holds a Degree in International Relations from Universidad Iberoamericana. [\/vc_column_text][\/vc_column][vc_column width=\u00bb1\/2&#8243;][vc_single_image image=\u00bb3704&#8243; img_size=\u00bbmedium\u00bb][vc_column_text] Our Presidents [\/vc_column_text][vc_row_inner][vc_column_inner width=\u00bb1\/2&#8243;][vc_single_image image=\u00bb2695&#8243; img_size=\u00bblarge\u00bb onclick=\u00bbcustom_link\u00bb link=\u00bbhttp:\/\/legorretahernandez.org\/en\/alejandro-legorreta\/\u00bb][vc_column_text] Alejandro Legorreta Blog: alejandrolegorreta.com [\/vc_column_text][\/vc_column_inner][vc_column_inner width=\u00bb1\/2&#8243;][\/vc_column_inner][\/vc_row_inner][\/vc_column][\/vc_row][vc_row][vc_column][vc_empty_space height=\u00bb30px\u00bb][\/vc_column][\/vc_row]<\/p>\n","protected":false},"author":1,"featured_media":0,"parent":0,"menu_order":0,"comment_status":"closed","ping_status":"closed","template":"","meta":[],"yoast_head":"<!-- This site is optimized with the Yoast SEO plugin v15.9 - https:\/\/yoast.com\/wordpress\/plugins\/seo\/ -->\n<title>Andrea Hern\u00e1ndez Velasco - Legorreta Hern\u00e1ndez Foundation<\/title>\n<meta name=\"robots\" content=\"index, follow, max-snippet:-1, max-image-preview:large, max-video-preview:-1\" \/>\n<link rel=\"canonical\" href=\"https:\/\/legorretahernandez.org\/en\/andrea-hernandez-velasco\/\" \/>\n<meta property=\"og:locale\" content=\"es_ES\" \/>\n<meta property=\"og:type\" content=\"article\" \/>\n<meta property=\"og:title\" content=\"[:es]Andrea Hern\u00e1ndez Velasco[:en]About Copia Copia[:] - Legorreta Hern\u00e1ndez Foundation\" \/>\n<meta property=\"og:description\" content=\"[vc_row full_width=\u00bbstretch_row\u00bb css=\u00bb.vc_custom_1545328381705{padding-top: 0px !important;padding-bottom: 0px !important;background-color: #b3b7bf !important;background-position: center !important;background-repeat: no-repeat !important;background-size: cover !important;}\u00bb][vc_column][vc_custom_heading text=\u00bbMessage from our Presidents\u00bb font_container=\u00bbtag:h2|font_size:29px|text_align:left|color:%23ffffff\u00bb css=\u00bb.vc_custom_1551976396073{padding-top: 16px !important;padding-bottom: 60px !important;}\u00bb][\/vc_column][\/vc_row][vc_row equal_height=\u00bbyes\u00bb][vc_column width=\u00bb1\/2&#8243;][vc_custom_heading text=\u00bbAndrea Hern\u00e1ndez Velasco\u00bb font_container=\u00bbtag:h2|font_size:29px|text_align:left|line_height:35px\u00bb css_animation=\u00bbfadeInDown\u00bb el_class=\u00bbbottom-line\u00bb css=\u00bb.vc_custom_1549411403314{margin-bottom: 20px !important;}\u00bb][vc_column_text css_animation=\u00bbfadeInDown\u00bb] Founder and President of Fundaci\u00f3n Legorreta Hern\u00e1ndez, A.C., an organization that focuses on the development of Mexican children and youth through a comprehensive strategy that includes citizenship, education, social enterprise, conscious knowledge and health. Due to her special interest in healthcare, Andrea is a member of the Board of Trustees of Instituto Nacional de Ciencias M\u00e9dicas y Nutrici\u00f3n Salvador Zubir\u00e1n, of the Board of Trustees of Hospital Infantil de M\u00e9xico Federico G\u00f3mez, I.A.P., of the Board of Trustees of Fundaci\u00f3n Telet\u00f3n, A.C., of the Board of Trustees of Instituto Nacional de Enfermedades Respiratorias Ismael Cos\u00edo Villegas, and of the Board of Trustees of Instituto Nacional de Cardiolog\u00eda Ignacio Ch\u00e1vez. She is Vice-president of the Governing Board of Fundaci\u00f3n Mexicana para la Salud. Andrea is a member of the Board of Trustees of Desarrollo de la Comunidad, A.C., an initiative created more than twenty years ago whose main mission is to promote human, individual and community development in marginalized areas in Mexico City. Furthermore, she is a member of the Board of Fundaci\u00f3n Pedro y Elena Hern\u00e1ndez, A.C., an institution created for the conservation of Mexico\u2019s natural heritage. She serves as the Chairman of the Board of Directors of ProAgro, S.A. de C.V. She is a member of the Advisory Board of Grupo Financiero Banamex, S.A., and is Planning Advisor to Grupo Paralelo 19, S.A. de C.V. Andrea holds a Degree in International Relations from Universidad Iberoamericana. [\/vc_column_text][\/vc_column][vc_column width=\u00bb1\/2&#8243;][vc_single_image image=\u00bb3704&#8243; img_size=\u00bbmedium\u00bb][vc_column_text] Our Presidents [\/vc_column_text][vc_row_inner][vc_column_inner width=\u00bb1\/2&#8243;][vc_single_image image=\u00bb2695&#8243; img_size=\u00bblarge\u00bb onclick=\u00bbcustom_link\u00bb link=\u00bbhttp:\/\/legorretahernandez.org\/en\/alejandro-legorreta\/\u00bb][vc_column_text] Alejandro Legorreta Blog: alejandrolegorreta.com [\/vc_column_text][\/vc_column_inner][vc_column_inner width=\u00bb1\/2&#8243;][\/vc_column_inner][\/vc_row_inner][\/vc_column][\/vc_row][vc_row][vc_column][vc_empty_space height=\u00bb30px\u00bb][\/vc_column][\/vc_row]\" \/>\n<meta property=\"og:url\" content=\"https:\/\/legorretahernandez.org\/en\/andrea-hernandez-velasco\/\" \/>\n<meta property=\"og:site_name\" content=\"Legorreta Hern\u00e1ndez Foundation\" \/>\n<meta property=\"article:publisher\" content=\"https:\/\/www.facebook.com\/fundacion.legorreta.hernandez.ac\" \/>\n<meta property=\"article:modified_time\" content=\"2020-02-26T16:20:32+00:00\" \/>\n<meta property=\"og:image\" content=\"http:\/\/legorretahernandez.org\/en\/wp-content\/uploads\/revslider\/legorreta-hernandez-01\/logo-fundacionlegorreta.png\" \/>\n\t<meta property=\"og:image:width\" content=\"142\" \/>\n\t<meta property=\"og:image:height\" content=\"142\" \/>\n<meta name=\"twitter:card\" content=\"summary_large_image\" \/>\n<meta name=\"twitter:label1\" content=\"Tiempo de lectura\">\n\t<meta name=\"twitter:data1\" content=\"12 minutos\">\n<script type=\"application\/ld+json\" class=\"yoast-schema-graph\">{\"@context\":\"https:\/\/schema.org\",\"@graph\":[{\"@type\":\"Organization\",\"@id\":\"https:\/\/legorretahernandez.org\/en\/#organization\",\"name\":\"Fundaci\\u00f3n Legorreta Hernandez\",\"url\":\"https:\/\/legorretahernandez.org\/en\/\",\"sameAs\":[\"https:\/\/www.facebook.com\/fundacion.legorreta.hernandez.ac\",\"https:\/\/www.instagram.com\/fundacionlegorretahernandez\/\",\"https:\/\/www.youtube.com\/user\/CanalFLH\/featured\"],\"logo\":{\"@type\":\"ImageObject\",\"@id\":\"https:\/\/legorretahernandez.org\/en\/#logo\",\"inLanguage\":\"es\",\"url\":\"http:\/\/legorretahernandez.org\/en\/wp-content\/uploads\/revslider\/legorreta-hernandez-01\/logo-fundacionlegorreta.png\",\"width\":142,\"height\":142,\"caption\":\"Fundaci\\u00f3n Legorreta Hernandez\"},\"image\":{\"@id\":\"https:\/\/legorretahernandez.org\/en\/#logo\"}},{\"@type\":\"WebSite\",\"@id\":\"https:\/\/legorretahernandez.org\/en\/#website\",\"url\":\"https:\/\/legorretahernandez.org\/en\/\",\"name\":\"Legorreta Hern\\u00e1ndez Foundation\",\"description\":\"\",\"publisher\":{\"@id\":\"https:\/\/legorretahernandez.org\/en\/#organization\"},\"potentialAction\":[{\"@type\":\"SearchAction\",\"target\":\"https:\/\/legorretahernandez.org\/en\/?s={search_term_string}\",\"query-input\":\"required name=search_term_string\"}],\"inLanguage\":\"es\"},{\"@type\":\"WebPage\",\"@id\":\"https:\/\/legorretahernandez.org\/en\/andrea-hernandez-velasco\/#webpage\",\"url\":\"https:\/\/legorretahernandez.org\/en\/andrea-hernandez-velasco\/\",\"name\":\"[:es]Andrea Hern\\u00e1ndez Velasco[:en]About Copia Copia[:] - Legorreta Hern\\u00e1ndez Foundation\",\"isPartOf\":{\"@id\":\"https:\/\/legorretahernandez.org\/en\/#website\"},\"datePublished\":\"2019-02-05T23:46:39+00:00\",\"dateModified\":\"2020-02-26T16:20:32+00:00\",\"breadcrumb\":{\"@id\":\"https:\/\/legorretahernandez.org\/en\/andrea-hernandez-velasco\/#breadcrumb\"},\"inLanguage\":\"es\",\"potentialAction\":[{\"@type\":\"ReadAction\",\"target\":[\"https:\/\/legorretahernandez.org\/en\/andrea-hernandez-velasco\/\"]}]},{\"@type\":\"BreadcrumbList\",\"@id\":\"https:\/\/legorretahernandez.org\/en\/andrea-hernandez-velasco\/#breadcrumb\",\"itemListElement\":[{\"@type\":\"ListItem\",\"position\":1,\"item\":{\"@type\":\"WebPage\",\"@id\":\"https:\/\/legorretahernandez.org\/en\/\",\"url\":\"https:\/\/legorretahernandez.org\/en\/\",\"name\":\"Portada\"}},{\"@type\":\"ListItem\",\"position\":2,\"item\":{\"@type\":\"WebPage\",\"@id\":\"https:\/\/legorretahernandez.org\/en\/andrea-hernandez-velasco\/\",\"url\":\"https:\/\/legorretahernandez.org\/en\/andrea-hernandez-velasco\/\",\"name\":\"Andrea Hern\\u00e1ndez Velasco\"}}]}]}<\/script>\n<!-- \/ Yoast SEO plugin. -->","_links":{"self":[{"href":"http:\/\/legorretahernandez.org\/en\/wp-json\/wp\/v2\/pages\/2650"}],"collection":[{"href":"http:\/\/legorretahernandez.org\/en\/wp-json\/wp\/v2\/pages"}],"about":[{"href":"http:\/\/legorretahernandez.org\/en\/wp-json\/wp\/v2\/types\/page"}],"author":[{"embeddable":true,"href":"http:\/\/legorretahernandez.org\/en\/wp-json\/wp\/v2\/users\/1"}],"replies":[{"embeddable":true,"href":"http:\/\/legorretahernandez.org\/en\/wp-json\/wp\/v2\/comments?post=2650"}],"version-history":[{"count":16,"href":"http:\/\/legorretahernandez.org\/en\/wp-json\/wp\/v2\/pages\/2650\/revisions"}],"predecessor-version":[{"id":4057,"href":"http:\/\/legorretahernandez.org\/en\/wp-json\/wp\/v2\/pages\/2650\/revisions\/4057"}],"wp:attachment":[{"href":"http:\/\/legorretahernandez.org\/en\/wp-json\/wp\/v2\/media?parent=2650"}],"curies":[{"name":"wp","href":"https:\/\/api.w.org\/{rel}","templated":true}]}}