{"id":2656,"date":"2019-02-06T00:19:51","date_gmt":"2019-02-06T00:19:51","guid":{"rendered":"http:\/\/legorretahernandez.org\/en\/andrea-hernandez-velasco-copy\/"},"modified":"2020-02-26T16:23:52","modified_gmt":"2020-02-26T16:23:52","slug":"alejandro-legorreta","status":"publish","type":"page","link":"https:\/\/legorretahernandez.org\/en\/alejandro-legorreta\/","title":{"rendered":"Alejandro Legorreta"},"content":{"rendered":"<p>[vc_row full_width=\u00bbstretch_row\u00bb css=\u00bb.vc_custom_1545328381705{padding-top: 0px !important;padding-bottom: 0px !important;background-color: #b3b7bf !important;background-position: center !important;background-repeat: no-repeat !important;background-size: cover !important;}\u00bb][vc_column][vc_custom_heading text=\u00bbMessage from our Presidents\u00bb font_container=\u00bbtag:h2|font_size:29px|text_align:left|color:%23ffffff\u00bb css=\u00bb.vc_custom_1551977291942{padding-top: 16px !important;padding-bottom: 60px !important;}\u00bb][\/vc_column][\/vc_row][vc_row equal_height=\u00bbyes\u00bb][vc_column width=\u00bb1\/2&#8243;][vc_custom_heading text=\u00bbAlejandro Legorreta\u00bb font_container=\u00bbtag:h2|font_size:29px|text_align:left|line_height:35px\u00bb css_animation=\u00bbfadeInDown\u00bb el_class=\u00bbbottom-line\u00bb css=\u00bb.vc_custom_1549412484397{margin-bottom: 20px !important;}\u00bb][vc_column_text css_animation=\u00bbfadeInDown\u00bb]<\/p>\n<p align=\"justify\">Alejandro is Mexican by birth, Yucatecan by choice. He holds a Law Degree from Universidad An\u00e1huac and an MBA from IE Business School of Madrid, Spain; he completed his studies on \u201cBehavioral Finance\u201d at Harvard Business School and Wharton School of Management. He is also a PHD candidate in Strategy and Development from Universidad An\u00e1huac. As businessman, he is Chairman and CEO of Sabino Capital S.C., a Mexican investment firm..<\/p>\n<p align=\"justify\">Alejandro is also President of Opciona, a non-for-profit organization whose objective is to create citizenship for a better Mexico.<\/p>\n<p align=\"justify\">Furthermore, he is founder and President of Instituto VIF, an organization that seeks to promote investment in Mexico and social awareness in the corporate sector.<\/p>\n<p align=\"justify\">Together with his wife, they founded Fundaci\u00f3n Legorreta Hern\u00e1ndez, A.C., an organization that seeks to contribute to Mexico\u2019s social development. Alejandro is also a member of the Board of Directors of Casa de Bolsa Acciones y Valores Banamex (Accival) and of Afore Banamex, as well of their respective investment committees. Likewise, he is member of the Board of Trustee of Mexicanos Primero and of the National Institute of Cancerolgy (Instituto Nacional de Cancerolog\u00eda). Abroad he is member of the Latin American Board of Georgetown University, of the International Advisory Board of the Council of the Americas, of the IE Business School Fund and of the G50 Group. He is founder of the Legorreta Hern\u00e1ndez Scholarship for the Master of Public Policy Journalism of the Center for Economic Research and Teaching (Centro de Investigaci\u00f3n y Docencia Econ\u00f3mica, CIDE).<\/p>\n<p align=\"justify\">Alejandro is a columnist for Reforma, Forbes and El Diario de Yucat\u00e1n. He is also professor at the Universidad Iberoamericana and at the Universidad Marista of Merida.<\/p>\n<p>[\/vc_column_text][\/vc_column][vc_column width=\u00bb1\/2&#8243;][vc_single_image image=\u00bb2683&#8243; img_size=\u00bbmedium\u00bb][vc_column_text]<\/p>\n<h3><strong>Nuestros Presidentes<\/strong><\/h3>\n<p>[\/vc_column_text][vc_row_inner][vc_column_inner width=\u00bb1\/2&#8243;][vc_single_image image=\u00bb3505&#8243; img_size=\u00bblarge\u00bb onclick=\u00bbcustom_link\u00bb css_animation=\u00bbbottom-to-top\u00bb link=\u00bbhttp:\/\/legorretahernandez.org\/en\/andrea-hernandez-velasco\/\u00bb][vc_column_text]<\/p>\n<h4 style=\"text-align: center;\"><a href=\"http:\/\/legorretahernandez.org\/en\/andrea-hernandez-velasco\/\"><strong>Andrea Hern\u00e1ndez Velasco<\/strong><\/a><\/h4>\n<p style=\"text-align: center;\"><span style=\"font-size: small;\">email: <a href=\"mailto:andrea@flh.org.mx\" target=\"_blank\" rel=\"noopener noreferrer\"><span style=\"color: #618eb5;\"><u>andrea@flh.org.mx<\/u><\/span><\/a><\/span><\/p>\n<p>[\/vc_column_text][\/vc_column_inner][vc_column_inner width=\u00bb1\/2&#8243;][\/vc_column_inner][\/vc_row_inner][\/vc_column][\/vc_row][vc_row][vc_column][vc_empty_space height=\u00bb30px\u00bb][\/vc_column][\/vc_row]<\/p>","protected":false},"excerpt":{"rendered":"<p>[vc_row full_width=\u00bbstretch_row\u00bb css=\u00bb.vc_custom_1545328381705{padding-top: 0px !important;padding-bottom: 0px !important;background-color: #b3b7bf !important;background-position: center !important;background-repeat: no-repeat !important;background-size: cover !important;}\u00bb][vc_column][vc_custom_heading text=\u00bbMessage from our Presidents\u00bb font_container=\u00bbtag:h2|font_size:29px|text_align:left|color:%23ffffff\u00bb css=\u00bb.vc_custom_1551977291942{padding-top: 16px !important;padding-bottom: 60px !important;}\u00bb][\/vc_column][\/vc_row][vc_row equal_height=\u00bbyes\u00bb][vc_column width=\u00bb1\/2&#8243;][vc_custom_heading text=\u00bbAlejandro Legorreta\u00bb font_container=\u00bbtag:h2|font_size:29px|text_align:left|line_height:35px\u00bb css_animation=\u00bbfadeInDown\u00bb el_class=\u00bbbottom-line\u00bb css=\u00bb.vc_custom_1549412484397{margin-bottom: 20px !important;}\u00bb][vc_column_text css_animation=\u00bbfadeInDown\u00bb] Alejandro is Mexican by birth, Yucatecan by choice. He holds a Law Degree from Universidad An\u00e1huac and an MBA from IE Business School of Madrid, Spain; he completed his studies on \u201cBehavioral Finance\u201d at Harvard Business School and Wharton School of Management. He is also a PHD candidate in Strategy and Development from Universidad An\u00e1huac. As businessman, he is Chairman and CEO of Sabino Capital S.C., a Mexican investment firm.. Alejandro is also President of Opciona, a non-for-profit organization whose objective is to create citizenship for a better Mexico. Furthermore, he is founder and President of Instituto VIF, an organization that seeks to promote investment in Mexico and social awareness in the corporate sector. Together with his wife, they founded Fundaci\u00f3n Legorreta Hern\u00e1ndez, A.C., an organization that seeks to contribute to Mexico\u2019s social development. Alejandro is also a member of the Board of Directors of Casa de Bolsa Acciones y Valores Banamex (Accival) and of Afore Banamex, as well of their respective investment committees. Likewise, he is member of the Board of Trustee of Mexicanos Primero and of the National Institute of Cancerolgy (Instituto Nacional de Cancerolog\u00eda). Abroad he is member of the Latin American Board of Georgetown University, of the International Advisory Board of the Council of the Americas, of the IE Business School Fund and of the G50 Group. He is founder of the Legorreta Hern\u00e1ndez Scholarship for the Master of Public Policy Journalism of the Center for Economic Research and Teaching (Centro de Investigaci\u00f3n y Docencia Econ\u00f3mica, CIDE). Alejandro is a columnist for Reforma, Forbes and El Diario de Yucat\u00e1n. He is also professor at the Universidad Iberoamericana and at the Universidad Marista of Merida. [\/vc_column_text][\/vc_column][vc_column width=\u00bb1\/2&#8243;][vc_single_image image=\u00bb2683&#8243; img_size=\u00bbmedium\u00bb][vc_column_text] Nuestros Presidentes [\/vc_column_text][vc_row_inner][vc_column_inner width=\u00bb1\/2&#8243;][vc_single_image image=\u00bb3505&#8243; img_size=\u00bblarge\u00bb onclick=\u00bbcustom_link\u00bb css_animation=\u00bbbottom-to-top\u00bb link=\u00bbhttp:\/\/legorretahernandez.org\/en\/andrea-hernandez-velasco\/\u00bb][vc_column_text] Andrea Hern\u00e1ndez Velasco email: andrea@flh.org.mx [\/vc_column_text][\/vc_column_inner][vc_column_inner width=\u00bb1\/2&#8243;][\/vc_column_inner][\/vc_row_inner][\/vc_column][\/vc_row][vc_row][vc_column][vc_empty_space height=\u00bb30px\u00bb][\/vc_column][\/vc_row]<\/p>\n","protected":false},"author":1,"featured_media":0,"parent":0,"menu_order":0,"comment_status":"closed","ping_status":"closed","template":"","meta":[],"yoast_head":"<!-- This site is optimized with the Yoast SEO plugin v15.9 - https:\/\/yoast.com\/wordpress\/plugins\/seo\/ -->\n<title>Alejandro Legorreta - Legorreta Hern\u00e1ndez Foundation<\/title>\n<meta name=\"robots\" content=\"index, follow, max-snippet:-1, max-image-preview:large, max-video-preview:-1\" \/>\n<link rel=\"canonical\" href=\"https:\/\/legorretahernandez.org\/en\/alejandro-legorreta\/\" \/>\n<meta property=\"og:locale\" content=\"es_ES\" \/>\n<meta property=\"og:type\" content=\"article\" \/>\n<meta property=\"og:title\" content=\"[:es]Alejandro Legorreta[:en]About Copia Copia Copia[:] - Legorreta Hern\u00e1ndez Foundation\" \/>\n<meta property=\"og:description\" content=\"[vc_row full_width=\u00bbstretch_row\u00bb css=\u00bb.vc_custom_1545328381705{padding-top: 0px !important;padding-bottom: 0px !important;background-color: #b3b7bf !important;background-position: center !important;background-repeat: no-repeat !important;background-size: cover !important;}\u00bb][vc_column][vc_custom_heading text=\u00bbMessage from our Presidents\u00bb font_container=\u00bbtag:h2|font_size:29px|text_align:left|color:%23ffffff\u00bb css=\u00bb.vc_custom_1551977291942{padding-top: 16px !important;padding-bottom: 60px !important;}\u00bb][\/vc_column][\/vc_row][vc_row equal_height=\u00bbyes\u00bb][vc_column width=\u00bb1\/2&#8243;][vc_custom_heading text=\u00bbAlejandro Legorreta\u00bb font_container=\u00bbtag:h2|font_size:29px|text_align:left|line_height:35px\u00bb css_animation=\u00bbfadeInDown\u00bb el_class=\u00bbbottom-line\u00bb css=\u00bb.vc_custom_1549412484397{margin-bottom: 20px !important;}\u00bb][vc_column_text css_animation=\u00bbfadeInDown\u00bb] Alejandro is Mexican by birth, Yucatecan by choice. He holds a Law Degree from Universidad An\u00e1huac and an MBA from IE Business School of Madrid, Spain; he completed his studies on \u201cBehavioral Finance\u201d at Harvard Business School and Wharton School of Management. He is also a PHD candidate in Strategy and Development from Universidad An\u00e1huac. As businessman, he is Chairman and CEO of Sabino Capital S.C., a Mexican investment firm.. Alejandro is also President of Opciona, a non-for-profit organization whose objective is to create citizenship for a better Mexico. Furthermore, he is founder and President of Instituto VIF, an organization that seeks to promote investment in Mexico and social awareness in the corporate sector. Together with his wife, they founded Fundaci\u00f3n Legorreta Hern\u00e1ndez, A.C., an organization that seeks to contribute to Mexico\u2019s social development. Alejandro is also a member of the Board of Directors of Casa de Bolsa Acciones y Valores Banamex (Accival) and of Afore Banamex, as well of their respective investment committees. Likewise, he is member of the Board of Trustee of Mexicanos Primero and of the National Institute of Cancerolgy (Instituto Nacional de Cancerolog\u00eda). Abroad he is member of the Latin American Board of Georgetown University, of the International Advisory Board of the Council of the Americas, of the IE Business School Fund and of the G50 Group. He is founder of the Legorreta Hern\u00e1ndez Scholarship for the Master of Public Policy Journalism of the Center for Economic Research and Teaching (Centro de Investigaci\u00f3n y Docencia Econ\u00f3mica, CIDE). Alejandro is a columnist for Reforma, Forbes and El Diario de Yucat\u00e1n. He is also professor at the Universidad Iberoamericana and at the Universidad Marista of Merida. [\/vc_column_text][\/vc_column][vc_column width=\u00bb1\/2&#8243;][vc_single_image image=\u00bb2683&#8243; img_size=\u00bbmedium\u00bb][vc_column_text] Nuestros Presidentes [\/vc_column_text][vc_row_inner][vc_column_inner width=\u00bb1\/2&#8243;][vc_single_image image=\u00bb3505&#8243; img_size=\u00bblarge\u00bb onclick=\u00bbcustom_link\u00bb css_animation=\u00bbbottom-to-top\u00bb link=\u00bbhttp:\/\/legorretahernandez.org\/en\/andrea-hernandez-velasco\/\u00bb][vc_column_text] Andrea Hern\u00e1ndez Velasco email: andrea@flh.org.mx [\/vc_column_text][\/vc_column_inner][vc_column_inner width=\u00bb1\/2&#8243;][\/vc_column_inner][\/vc_row_inner][\/vc_column][\/vc_row][vc_row][vc_column][vc_empty_space height=\u00bb30px\u00bb][\/vc_column][\/vc_row]\" \/>\n<meta property=\"og:url\" content=\"https:\/\/legorretahernandez.org\/en\/alejandro-legorreta\/\" \/>\n<meta property=\"og:site_name\" content=\"Legorreta Hern\u00e1ndez Foundation\" \/>\n<meta property=\"article:publisher\" content=\"https:\/\/www.facebook.com\/fundacion.legorreta.hernandez.ac\" \/>\n<meta property=\"article:modified_time\" content=\"2020-02-26T16:23:52+00:00\" \/>\n<meta property=\"og:image\" content=\"https:\/\/legorretahernandez.org\/en\/wp-content\/uploads\/revslider\/legorreta-hernandez-01\/logo-fundacionlegorreta.png\" \/>\n\t<meta property=\"og:image:width\" content=\"142\" \/>\n\t<meta property=\"og:image:height\" content=\"142\" \/>\n<meta name=\"twitter:card\" content=\"summary_large_image\" \/>\n<meta name=\"twitter:label1\" content=\"Tiempo de lectura\">\n\t<meta name=\"twitter:data1\" content=\"12 minutos\">\n<script type=\"application\/ld+json\" class=\"yoast-schema-graph\">{\"@context\":\"https:\/\/schema.org\",\"@graph\":[{\"@type\":\"Organization\",\"@id\":\"https:\/\/legorretahernandez.org\/en\/#organization\",\"name\":\"Fundaci\\u00f3n Legorreta Hernandez\",\"url\":\"https:\/\/legorretahernandez.org\/en\/\",\"sameAs\":[\"https:\/\/www.facebook.com\/fundacion.legorreta.hernandez.ac\",\"https:\/\/www.instagram.com\/fundacionlegorretahernandez\/\",\"https:\/\/www.youtube.com\/user\/CanalFLH\/featured\"],\"logo\":{\"@type\":\"ImageObject\",\"@id\":\"https:\/\/legorretahernandez.org\/en\/#logo\",\"inLanguage\":\"es\",\"url\":\"https:\/\/legorretahernandez.org\/en\/wp-content\/uploads\/revslider\/legorreta-hernandez-01\/logo-fundacionlegorreta.png\",\"width\":142,\"height\":142,\"caption\":\"Fundaci\\u00f3n Legorreta Hernandez\"},\"image\":{\"@id\":\"https:\/\/legorretahernandez.org\/en\/#logo\"}},{\"@type\":\"WebSite\",\"@id\":\"https:\/\/legorretahernandez.org\/en\/#website\",\"url\":\"https:\/\/legorretahernandez.org\/en\/\",\"name\":\"Legorreta Hern\\u00e1ndez Foundation\",\"description\":\"\",\"publisher\":{\"@id\":\"https:\/\/legorretahernandez.org\/en\/#organization\"},\"potentialAction\":[{\"@type\":\"SearchAction\",\"target\":\"https:\/\/legorretahernandez.org\/en\/?s={search_term_string}\",\"query-input\":\"required name=search_term_string\"}],\"inLanguage\":\"es\"},{\"@type\":\"WebPage\",\"@id\":\"https:\/\/legorretahernandez.org\/en\/alejandro-legorreta\/#webpage\",\"url\":\"https:\/\/legorretahernandez.org\/en\/alejandro-legorreta\/\",\"name\":\"[:es]Alejandro Legorreta[:en]About Copia Copia Copia[:] - Legorreta Hern\\u00e1ndez Foundation\",\"isPartOf\":{\"@id\":\"https:\/\/legorretahernandez.org\/en\/#website\"},\"datePublished\":\"2019-02-06T00:19:51+00:00\",\"dateModified\":\"2020-02-26T16:23:52+00:00\",\"breadcrumb\":{\"@id\":\"https:\/\/legorretahernandez.org\/en\/alejandro-legorreta\/#breadcrumb\"},\"inLanguage\":\"es\",\"potentialAction\":[{\"@type\":\"ReadAction\",\"target\":[\"https:\/\/legorretahernandez.org\/en\/alejandro-legorreta\/\"]}]},{\"@type\":\"BreadcrumbList\",\"@id\":\"https:\/\/legorretahernandez.org\/en\/alejandro-legorreta\/#breadcrumb\",\"itemListElement\":[{\"@type\":\"ListItem\",\"position\":1,\"item\":{\"@type\":\"WebPage\",\"@id\":\"https:\/\/legorretahernandez.org\/en\/\",\"url\":\"https:\/\/legorretahernandez.org\/en\/\",\"name\":\"Portada\"}},{\"@type\":\"ListItem\",\"position\":2,\"item\":{\"@type\":\"WebPage\",\"@id\":\"https:\/\/legorretahernandez.org\/en\/alejandro-legorreta\/\",\"url\":\"https:\/\/legorretahernandez.org\/en\/alejandro-legorreta\/\",\"name\":\"Alejandro Legorreta\"}}]}]}<\/script>\n<!-- \/ Yoast SEO plugin. -->","_links":{"self":[{"href":"https:\/\/legorretahernandez.org\/en\/wp-json\/wp\/v2\/pages\/2656"}],"collection":[{"href":"https:\/\/legorretahernandez.org\/en\/wp-json\/wp\/v2\/pages"}],"about":[{"href":"https:\/\/legorretahernandez.org\/en\/wp-json\/wp\/v2\/types\/page"}],"author":[{"embeddable":true,"href":"https:\/\/legorretahernandez.org\/en\/wp-json\/wp\/v2\/users\/1"}],"replies":[{"embeddable":true,"href":"https:\/\/legorretahernandez.org\/en\/wp-json\/wp\/v2\/comments?post=2656"}],"version-history":[{"count":15,"href":"https:\/\/legorretahernandez.org\/en\/wp-json\/wp\/v2\/pages\/2656\/revisions"}],"predecessor-version":[{"id":4058,"href":"https:\/\/legorretahernandez.org\/en\/wp-json\/wp\/v2\/pages\/2656\/revisions\/4058"}],"wp:attachment":[{"href":"https:\/\/legorretahernandez.org\/en\/wp-json\/wp\/v2\/media?parent=2656"}],"curies":[{"name":"wp","href":"https:\/\/api.w.org\/{rel}","templated":true}]}}